{"id":34,"date":"2024-04-04T18:47:14","date_gmt":"2024-04-04T16:47:14","guid":{"rendered":"https:\/\/cfpdr.org\/?page_id=34"},"modified":"2024-04-04T18:47:14","modified_gmt":"2024-04-04T16:47:14","slug":"pour-qui","status":"publish","type":"page","link":"https:\/\/cfpdr.org\/index.php\/pour-qui\/","title":{"rendered":"Pour qui?"},"content":{"rendered":"<p>Le CFPDR s&rsquo;adresse \u00e0 une diversit\u00e9 de profils, chacun pouvant b\u00e9n\u00e9ficier de ses programmes et de ses ressources pour atteindre ses objectifs sp\u00e9cifiques :<\/p>\n<ol>\n<li><strong>Jeunes en situation d&rsquo;abandon scolaire ou en difficult\u00e9 d&rsquo;apprentissage :<\/strong>\n<ul>\n<li>Ces jeunes peuvent b\u00e9n\u00e9ficier d&rsquo;une approche p\u00e9dagogique personnalis\u00e9e et adapt\u00e9e \u00e0 leurs besoins pour acqu\u00e9rir des comp\u00e9tences pratiques et favoriser leur r\u00e9int\u00e9gration dans le syst\u00e8me \u00e9ducatif ou professionnel.<\/li>\n<\/ul>\n<\/li>\n<li><strong>Personnes illettr\u00e9es ou ayant un faible niveau d&rsquo;\u00e9ducation formelle :<\/strong>\n<ul>\n<li>Le CFPDR offre des programmes d&rsquo;alphab\u00e9tisation fonctionnelle et des formations de base pour renforcer les comp\u00e9tences en lecture, en \u00e9criture et en calcul, leur permettant ainsi d&rsquo;acc\u00e9der \u00e0 des opportunit\u00e9s de formation et d&#8217;emploi.<\/li>\n<\/ul>\n<\/li>\n<li><strong>Aspirants entrepreneurs :<\/strong>\n<ul>\n<li>Les jeunes souhaitant cr\u00e9er leur propre entreprise b\u00e9n\u00e9ficieront de formations sp\u00e9cifiques sur l&rsquo;entrepreneuriat, la gestion d&rsquo;entreprise, la planification financi\u00e8re et la commercialisation de produits ou services, les pr\u00e9parant ainsi \u00e0 r\u00e9ussir dans le monde des affaires.<\/li>\n<\/ul>\n<\/li>\n<li><strong>Jeunes cherchant \u00e0 se d\u00e9velopper professionnellement :<\/strong>\n<ul>\n<li>Le CFPDR propose des formations sp\u00e9cialis\u00e9es dans divers domaines tels que l&rsquo;agriculture durable, les technologies de l&rsquo;information et de la communication, l&rsquo;artisanat, le tourisme, etc., permettant aux jeunes d&rsquo;acqu\u00e9rir des comp\u00e9tences recherch\u00e9es sur le march\u00e9 du travail et de progresser dans leur carri\u00e8re.<\/li>\n<\/ul>\n<\/li>\n<li><strong>Jeunes souhaitant renforcer leur r\u00e9silience :<\/strong>\n<ul>\n<li>En offrant des formations sur la gestion des risques, la r\u00e9silience climatique, la s\u00e9curit\u00e9 alimentaire et d&rsquo;autres comp\u00e9tences essentielles \u00e0 la survie et au d\u00e9veloppement dans des contextes difficiles, le CFPDR aide les jeunes \u00e0 devenir plus r\u00e9silients face aux d\u00e9fis \u00e9conomiques, sociaux et environnementaux.<\/li>\n<\/ul>\n<\/li>\n<\/ol>\n<p>En r\u00e9sum\u00e9, le CFPDR vise \u00e0 \u00eatre une ressource accessible et inclusive pour tous les jeunes malgaches, quel que soit leur niveau d&rsquo;\u00e9ducation, leurs aspirations professionnelles ou leurs d\u00e9fis personnels, en leur fournissant les outils n\u00e9cessaires pour r\u00e9ussir dans un monde en constante \u00e9volution.<\/p>\n","protected":false},"excerpt":{"rendered":"<p>Le CFPDR s&rsquo;adresse \u00e0 une diversit\u00e9 de profils, chacun pouvant b\u00e9n\u00e9ficier de ses programmes et de ses ressources pour atteindre [&hellip;]<\/p>\n","protected":false},"author":1,"featured_media":0,"parent":0,"menu_order":0,"comment_status":"closed","ping_status":"closed","template":"","meta":{"site-sidebar-layout":"default","site-content-layout":"","ast-site-content-layout":"","site-content-style":"default","site-sidebar-style":"default","ast-global-header-display":"","ast-banner-title-visibility":"","ast-main-header-display":"","ast-hfb-above-header-display":"","ast-hfb-below-header-display":"","ast-hfb-mobile-header-display":"","site-post-title":"","ast-breadcrumbs-content":"","ast-featured-img":"","footer-sml-layout":"","theme-transparent-header-meta":"","adv-header-id-meta":"","stick-header-meta":"","header-above-stick-meta":"","header-main-stick-meta":"","header-below-stick-meta":"","astra-migrate-meta-layouts":"default","ast-page-background-enabled":"default","ast-page-background-meta":{"desktop":{"background-color":"var(--ast-global-color-4)","background-image":"","background-repeat":"repeat","background-position":"center center","background-size":"auto","background-attachment":"scroll","background-type":"","background-media":"","overlay-type":"","overlay-color":"","overlay-gradient":""},"tablet":{"background-color":"","background-image":"","background-repeat":"repeat","background-position":"center center","background-size":"auto","background-attachment":"scroll","background-type":"","background-media":"","overlay-type":"","overlay-color":"","overlay-gradient":""},"mobile":{"background-color":"","background-image":"","background-repeat":"repeat","background-position":"center center","background-size":"auto","background-attachment":"scroll","background-type":"","background-media":"","overlay-type":"","overlay-color":"","overlay-gradient":""}},"ast-content-background-meta":{"desktop":{"background-color":"var(--ast-global-color-5)","background-image":"","background-repeat":"repeat","background-position":"center center","background-size":"auto","background-attachment":"scroll","background-type":"","background-media":"","overlay-type":"","overlay-color":"","overlay-gradient":""},"tablet":{"background-color":"var(--ast-global-color-5)","background-image":"","background-repeat":"repeat","background-position":"center center","background-size":"auto","background-attachment":"scroll","background-type":"","background-media":"","overlay-type":"","overlay-color":"","overlay-gradient":""},"mobile":{"background-color":"var(--ast-global-color-5)","background-image":"","background-repeat":"repeat","background-position":"center center","background-size":"auto","background-attachment":"scroll","background-type":"","background-media":"","overlay-type":"","overlay-color":"","overlay-gradient":""}},"footnotes":""},"_links":{"self":[{"href":"https:\/\/cfpdr.org\/index.php\/wp-json\/wp\/v2\/pages\/34"}],"collection":[{"href":"https:\/\/cfpdr.org\/index.php\/wp-json\/wp\/v2\/pages"}],"about":[{"href":"https:\/\/cfpdr.org\/index.php\/wp-json\/wp\/v2\/types\/page"}],"author":[{"embeddable":true,"href":"https:\/\/cfpdr.org\/index.php\/wp-json\/wp\/v2\/users\/1"}],"replies":[{"embeddable":true,"href":"https:\/\/cfpdr.org\/index.php\/wp-json\/wp\/v2\/comments?post=34"}],"version-history":[{"count":1,"href":"https:\/\/cfpdr.org\/index.php\/wp-json\/wp\/v2\/pages\/34\/revisions"}],"predecessor-version":[{"id":35,"href":"https:\/\/cfpdr.org\/index.php\/wp-json\/wp\/v2\/pages\/34\/revisions\/35"}],"wp:attachment":[{"href":"https:\/\/cfpdr.org\/index.php\/wp-json\/wp\/v2\/media?parent=34"}],"curies":[{"name":"wp","href":"https:\/\/api.w.org\/{rel}","templated":true}]}}