{"id":130,"date":"2024-04-07T13:57:00","date_gmt":"2024-04-07T11:57:00","guid":{"rendered":"https:\/\/cfpdr.org\/?page_id=130"},"modified":"2024-04-08T18:28:52","modified_gmt":"2024-04-08T16:28:52","slug":"les-formations","status":"publish","type":"page","link":"https:\/\/cfpdr.org\/index.php\/les-formations\/","title":{"rendered":"Les formations"},"content":{"rendered":"\t\t<div data-elementor-type=\"wp-page\" data-elementor-id=\"130\" class=\"elementor elementor-130\">\n\t\t\t\t<div class=\"elementor-element elementor-element-3a835b6 e-flex e-con-boxed wpr-particle-no wpr-jarallax-no wpr-parallax-no wpr-sticky-section-no e-con e-parent\" data-id=\"3a835b6\" data-element_type=\"container\">\n\t\t\t\t\t<div class=\"e-con-inner\">\n\t\t\t\t<div class=\"elementor-element elementor-element-3c78b6c elementor-widget elementor-widget-heading\" data-id=\"3c78b6c\" data-element_type=\"widget\" data-widget_type=\"heading.default\">\n\t\t\t\t<div class=\"elementor-widget-container\">\n\t\t\t<style>\/*! elementor - v3.21.0 - 30-04-2024 *\/\n.elementor-heading-title{padding:0;margin:0;line-height:1}.elementor-widget-heading .elementor-heading-title[class*=elementor-size-]>a{color:inherit;font-size:inherit;line-height:inherit}.elementor-widget-heading .elementor-heading-title.elementor-size-small{font-size:15px}.elementor-widget-heading .elementor-heading-title.elementor-size-medium{font-size:19px}.elementor-widget-heading .elementor-heading-title.elementor-size-large{font-size:29px}.elementor-widget-heading .elementor-heading-title.elementor-size-xl{font-size:39px}.elementor-widget-heading .elementor-heading-title.elementor-size-xxl{font-size:59px}<\/style><h2 class=\"elementor-heading-title elementor-size-default\">Nos formations<\/h2>\t\t<\/div>\n\t\t\t\t<\/div>\n\t\t\t\t\t<\/div>\n\t\t\t\t<\/div>\n\t\t<div class=\"elementor-element elementor-element-4de0069 e-flex e-con-boxed wpr-particle-no wpr-jarallax-no wpr-parallax-no wpr-sticky-section-no e-con e-parent\" data-id=\"4de0069\" data-element_type=\"container\">\n\t\t\t\t\t<div class=\"e-con-inner\">\n\t\t\t\t<div class=\"elementor-element elementor-element-8872faa elementor-widget elementor-widget-text-editor\" data-id=\"8872faa\" data-element_type=\"widget\" data-widget_type=\"text-editor.default\">\n\t\t\t\t<div class=\"elementor-widget-container\">\n\t\t\t<style>\/*! elementor - v3.21.0 - 30-04-2024 *\/\n.elementor-widget-text-editor.elementor-drop-cap-view-stacked .elementor-drop-cap{background-color:#69727d;color:#fff}.elementor-widget-text-editor.elementor-drop-cap-view-framed .elementor-drop-cap{color:#69727d;border:3px solid;background-color:transparent}.elementor-widget-text-editor:not(.elementor-drop-cap-view-default) .elementor-drop-cap{margin-top:8px}.elementor-widget-text-editor:not(.elementor-drop-cap-view-default) .elementor-drop-cap-letter{width:1em;height:1em}.elementor-widget-text-editor .elementor-drop-cap{float:left;text-align:center;line-height:1;font-size:50px}.elementor-widget-text-editor .elementor-drop-cap-letter{display:inline-block}<\/style>\t\t\t\t<p>Le CFPDR propose une large gamme de modules de formation couvrant divers aspects de la vie rurale. Des modules pratiques comme l&rsquo;installation solaire, les syst\u00e8mes d&rsquo;eau ou la cuisine sont dispens\u00e9s pour faciliter l&rsquo;adaptation au mode de vie rural. Le d\u00e9veloppement personnel est aussi abord\u00e9 avec des formations en gestion de projet, entrepreneuriat, finance et \u00e9quilibre vie-carri\u00e8re. Une place importante est accord\u00e9e \u00e0 l&rsquo;agriculture durable avec des modules sur l&rsquo;am\u00e9nagement des terres, la fertilisation des sols, la gestion de l&rsquo;eau, la s\u00e9lection des cultures ou encore la lutte int\u00e9gr\u00e9e contre les ravageurs. L&rsquo;\u00e9levage n&rsquo;est pas en reste avec des formations sur la basse-cour, la cuniculture, la boviculture ou encore la pisciculture et l&rsquo;apiculture. La sylviculture, l&rsquo;agroforesterie et la fruiticulture permettent d&rsquo;explorer des activit\u00e9s g\u00e9n\u00e9ratrices de revenus. Enfin, les comp\u00e9tences num\u00e9riques de base comme la bureautique, l&rsquo;utilisation du mobile ou encore la photo\/vid\u00e9o sont inculqu\u00e9es. Des formations linguistiques et d&rsquo;alphab\u00e9tisation num\u00e9rique sont \u00e9galement propos\u00e9es.<\/p><p>Le CFPDR reste ouvert pour d\u00e9velopper d&rsquo;autres programmes en fonction des besoins sp\u00e9cifiques.<\/p>\t\t\t\t\t\t<\/div>\n\t\t\t\t<\/div>\n\t\t\t\t\t<\/div>\n\t\t\t\t<\/div>\n\t\t<div class=\"elementor-element elementor-element-dbe6471 e-grid e-con-boxed wpr-particle-no wpr-jarallax-no wpr-parallax-no wpr-sticky-section-no e-con e-parent\" data-id=\"dbe6471\" data-element_type=\"container\">\n\t\t\t\t\t<div class=\"e-con-inner\">\n\t\t\t\t<div class=\"elementor-element elementor-element-c46a422 elementor-widget elementor-widget-text-editor\" data-id=\"c46a422\" data-element_type=\"widget\" data-widget_type=\"text-editor.default\">\n\t\t\t\t<div class=\"elementor-widget-container\">\n\t\t\t\t\t\t\t<h3><strong>Domaine de l&rsquo;Agriculture<\/strong><\/h3><ul><li><strong><em>Am\u00e9nagement de Site<\/em><\/strong> : Comprendre comment am\u00e9nager et pr\u00e9parer des terres pour une utilisation agricole.<\/li><li><strong><em>Fertilisation du Sol<\/em><\/strong> : Apprendre \u00e0 enrichir les sols pour une meilleure productivit\u00e9 agricole.<\/li><li><strong><em>Gestion de l&rsquo;Eau Efficiente<\/em><\/strong> : Ma\u00eetriser les techniques de gestion durable de l&rsquo;eau pour l&rsquo;irrigation.<\/li><li><strong><em>P\u00e9pini\u00e8re<\/em><\/strong> : Acqu\u00e9rir des comp\u00e9tences pour cultiver et g\u00e9rer des p\u00e9pini\u00e8res d&rsquo;arbres et de plantes.<\/li><li><strong><em>Choix des Cultures<\/em><\/strong> : Apprendre \u00e0 s\u00e9lectionner les cultures appropri\u00e9es en fonction du sol et du climat.<\/li><li><strong><em>Jardin Potager<\/em><\/strong> : Cultiver et entretenir des jardins potagers productifs et diversifi\u00e9s.<\/li><li><strong><em>Cultures de Subsistance<\/em><\/strong> : Ma\u00eetriser les cultures essentielles pour la subsistance des familles rurales.<\/li><li><strong><em>Cultures Commerciales<\/em><\/strong> : Explorer les cultures \u00e0 potentiel commercial pour g\u00e9n\u00e9rer des revenus suppl\u00e9mentaires.<\/li><li><strong><em>Lutte Int\u00e9gr\u00e9e<\/em><\/strong> : Apprendre \u00e0 g\u00e9rer les ravageurs et les maladies agricoles de mani\u00e8re \u00e9cologique et efficace.<\/li><\/ul>\t\t\t\t\t\t<\/div>\n\t\t\t\t<\/div>\n\t\t\t\t<div class=\"elementor-element elementor-element-741fc85 elementor-widget elementor-widget-text-editor\" data-id=\"741fc85\" data-element_type=\"widget\" data-widget_type=\"text-editor.default\">\n\t\t\t\t<div class=\"elementor-widget-container\">\n\t\t\t\t\t\t\t<h3><strong>Domaine de l&rsquo;\u00c9levage<\/strong><\/h3><ul><li><strong><em>Poules de Race Locale<\/em><\/strong> : \u00c9lever et entretenir des poules de race locale pour la production d&rsquo;\u0153ufs et de viande.<\/li><li><strong><em>Cuniculture<\/em><\/strong> : Acqu\u00e9rir les comp\u00e9tences n\u00e9cessaires pour l&rsquo;\u00e9levage de lapins.<\/li><li><strong><em>Boviculture<\/em><\/strong> : Apprendre les bases de l&rsquo;\u00e9levage bovin pour la viande et les produits laitiers.<\/li><li><strong><em>Pisciculture<\/em><\/strong> : Ma\u00eetriser les techniques d&rsquo;\u00e9levage de poissons pour la s\u00e9curit\u00e9 alimentaire.<\/li><li><strong><em>Apiculture<\/em><\/strong> : D\u00e9couvrir les bases de l&rsquo;apiculture et la gestion des ruches.<\/li><\/ul><p><strong>Sylviculture :<\/strong><\/p><ul><li><strong><em>Agroforesterie<\/em><\/strong> : Int\u00e9grer la culture des arbres dans les syst\u00e8mes agricoles pour la diversification des revenus.<\/li><li><strong><em>Fruiticulture<\/em><\/strong> : Cultiver et entretenir des vergers fruitiers pour une production durable.<\/li><li><strong><em>Reboisement<\/em><\/strong> : Apprendre \u00e0 planifier et mettre en \u0153uvre des projets de reboisement pour la conservation de l&rsquo;environnement.<\/li><\/ul>\t\t\t\t\t\t<\/div>\n\t\t\t\t<\/div>\n\t\t\t\t<div class=\"elementor-element elementor-element-f88915b elementor-widget elementor-widget-text-editor\" data-id=\"f88915b\" data-element_type=\"widget\" data-widget_type=\"text-editor.default\">\n\t\t\t\t<div class=\"elementor-widget-container\">\n\t\t\t\t\t\t\t<h3><strong>Vie Pratique en Milieu Rural<\/strong><\/h3><ul><li><strong><em>Style de Vie Rural<\/em><\/strong> : Mieux comprendre et s&rsquo;adapter aux rythmes et pratiques de vie en milieu rural.<\/li><li><strong><em>Installation Solaire<\/em><\/strong> : Acqu\u00e9rir des comp\u00e9tences pour installer et entretenir des syst\u00e8mes solaires domestiques.<\/li><li><strong><em>Installation Syst\u00e8me d&rsquo;Eau<\/em><\/strong> : Apprendre \u00e0 mettre en place des syst\u00e8mes d&rsquo;approvisionnement en eau durables.<\/li><li><strong><em>Cuisine et Nutrition<\/em><\/strong> : Ma\u00eetriser la pr\u00e9paration d&rsquo;aliments sains et \u00e9quilibr\u00e9s avec les ressources locales.<\/li><li><strong><em>S\u00e9curit\u00e9, Paix et Gestion de Conflit<\/em><\/strong> : D\u00e9velopper des comp\u00e9tences pour maintenir la paix et r\u00e9soudre les conflits au sein de la communaut\u00e9.<\/li><\/ul>\t\t\t\t\t\t<\/div>\n\t\t\t\t<\/div>\n\t\t\t\t<div class=\"elementor-element elementor-element-303dcb3 elementor-widget elementor-widget-text-editor\" data-id=\"303dcb3\" data-element_type=\"widget\" data-widget_type=\"text-editor.default\">\n\t\t\t\t<div class=\"elementor-widget-container\">\n\t\t\t\t\t\t\t<h3><strong>D\u00e9veloppement Personnel<\/strong><\/h3><ul><li><strong><em>Gestion de la Vie et Carri\u00e8re<\/em><\/strong> : Acqu\u00e9rir des strat\u00e9gies pour \u00e9quilibrer vie personnelle et professionnelle en milieu rural.<\/li><li><strong><em>Gestion de Connaissance<\/em><\/strong> : Apprendre \u00e0 collecter, organiser et partager efficacement les connaissances utiles \u00e0 la communaut\u00e9.<\/li><li><strong><em>Gestion de Projet<\/em><\/strong> : Ma\u00eetriser les \u00e9tapes de planification et de gestion de projets de d\u00e9veloppement local.<\/li><li><strong><em>Entreprenariat Rural et Marketing<\/em><\/strong> : Explorer les bases de la cr\u00e9ation et de la promotion d&rsquo;entreprises rurales.<\/li><li><strong><em>Gestion des Finances Personnelles<\/em><\/strong> : D\u00e9velopper des comp\u00e9tences financi\u00e8res pour une gestion prudente et efficace de l&rsquo;argent.<\/li><\/ul>\t\t\t\t\t\t<\/div>\n\t\t\t\t<\/div>\n\t\t\t\t<div class=\"elementor-element elementor-element-61d6e7b elementor-widget elementor-widget-text-editor\" data-id=\"61d6e7b\" data-element_type=\"widget\" data-widget_type=\"text-editor.default\">\n\t\t\t\t<div class=\"elementor-widget-container\">\n\t\t\t\t\t\t\t<h3><strong>Comp\u00e9tences Num\u00e9riques<\/strong><\/h3><ul><li><strong><em>Bureautique et Internet<\/em><\/strong> : Ma\u00eetriser les comp\u00e9tences de base en informatique pour la gestion et la communication.<\/li><li><strong><em>Utilisation du T\u00e9l\u00e9phone Mobile<\/em><\/strong> : Exploiter efficacement les fonctions du t\u00e9l\u00e9phone mobile pour le d\u00e9veloppement.<\/li><li><strong><em>Infographie<\/em><\/strong> : Apprendre les bases de la cr\u00e9ation d&rsquo;images et de graphiques informatiques.<\/li><li><strong><em>Photographie et Vid\u00e9ographie<\/em><\/strong> : Acqu\u00e9rir des comp\u00e9tences pour capturer et cr\u00e9er des images et des vid\u00e9os de qualit\u00e9.<\/li><li><strong><em>Utilisation du Drone en Milieu Rural<\/em><\/strong> : Explorer l&rsquo;utilisation des drones pour la cartographie et la surveillance.<\/li><\/ul>\t\t\t\t\t\t<\/div>\n\t\t\t\t<\/div>\n\t\t\t\t<div class=\"elementor-element elementor-element-978e1e6 elementor-widget elementor-widget-text-editor\" data-id=\"978e1e6\" data-element_type=\"widget\" data-widget_type=\"text-editor.default\">\n\t\t\t\t<div class=\"elementor-widget-container\">\n\t\t\t\t\t\t\t<h3><strong>Autre<\/strong><\/h3><ul><li><strong><em>Langue Fran\u00e7aise et Anglaise<\/em><\/strong> : Am\u00e9liorer les comp\u00e9tences linguistiques en fran\u00e7ais et en anglais pour une communication efficace.<\/li><li><strong><em>Alphab\u00e9tisation (en Mode Digital)<\/em><\/strong> : Promouvoir l&rsquo;alphab\u00e9tisation num\u00e9rique pour permettre \u00e0 tous d&rsquo;acc\u00e9der \u00e0 l&rsquo;information et \u00e0 l&rsquo;\u00e9ducation.<\/li><\/ul>\t\t\t\t\t\t<\/div>\n\t\t\t\t<\/div>\n\t\t\t\t\t<\/div>\n\t\t\t\t<\/div>\n\t\t\t\t<\/div>\n\t\t","protected":false},"excerpt":{"rendered":"<p>Nos formations Le CFPDR propose une large gamme de modules de formation couvrant divers aspects de la vie rurale. Des [&hellip;]<\/p>\n","protected":false},"author":1,"featured_media":0,"parent":0,"menu_order":0,"comment_status":"closed","ping_status":"closed","template":"","meta":{"site-sidebar-layout":"no-sidebar","site-content-layout":"","ast-site-content-layout":"full-width-container","site-content-style":"default","site-sidebar-style":"default","ast-global-header-display":"","ast-banner-title-visibility":"","ast-main-header-display":"","ast-hfb-above-header-display":"","ast-hfb-below-header-display":"","ast-hfb-mobile-header-display":"","site-post-title":"disabled","ast-breadcrumbs-content":"","ast-featured-img":"disabled","footer-sml-layout":"","theme-transparent-header-meta":"","adv-header-id-meta":"","stick-header-meta":"","header-above-stick-meta":"","header-main-stick-meta":"","header-below-stick-meta":"","astra-migrate-meta-layouts":"default","ast-page-background-enabled":"default","ast-page-background-meta":{"desktop":{"background-color":"var(--ast-global-color-4)","background-image":"","background-repeat":"repeat","background-position":"center center","background-size":"auto","background-attachment":"scroll","background-type":"","background-media":"","overlay-type":"","overlay-color":"","overlay-gradient":""},"tablet":{"background-color":"","background-image":"","background-repeat":"repeat","background-position":"center center","background-size":"auto","background-attachment":"scroll","background-type":"","background-media":"","overlay-type":"","overlay-color":"","overlay-gradient":""},"mobile":{"background-color":"","background-image":"","background-repeat":"repeat","background-position":"center center","background-size":"auto","background-attachment":"scroll","background-type":"","background-media":"","overlay-type":"","overlay-color":"","overlay-gradient":""}},"ast-content-background-meta":{"desktop":{"background-color":"var(--ast-global-color-5)","background-image":"","background-repeat":"repeat","background-position":"center center","background-size":"auto","background-attachment":"scroll","background-type":"","background-media":"","overlay-type":"","overlay-color":"","overlay-gradient":""},"tablet":{"background-color":"var(--ast-global-color-5)","background-image":"","background-repeat":"repeat","background-position":"center center","background-size":"auto","background-attachment":"scroll","background-type":"","background-media":"","overlay-type":"","overlay-color":"","overlay-gradient":""},"mobile":{"background-color":"var(--ast-global-color-5)","background-image":"","background-repeat":"repeat","background-position":"center center","background-size":"auto","background-attachment":"scroll","background-type":"","background-media":"","overlay-type":"","overlay-color":"","overlay-gradient":""}},"footnotes":""},"_links":{"self":[{"href":"https:\/\/cfpdr.org\/index.php\/wp-json\/wp\/v2\/pages\/130"}],"collection":[{"href":"https:\/\/cfpdr.org\/index.php\/wp-json\/wp\/v2\/pages"}],"about":[{"href":"https:\/\/cfpdr.org\/index.php\/wp-json\/wp\/v2\/types\/page"}],"author":[{"embeddable":true,"href":"https:\/\/cfpdr.org\/index.php\/wp-json\/wp\/v2\/users\/1"}],"replies":[{"embeddable":true,"href":"https:\/\/cfpdr.org\/index.php\/wp-json\/wp\/v2\/comments?post=130"}],"version-history":[{"count":16,"href":"https:\/\/cfpdr.org\/index.php\/wp-json\/wp\/v2\/pages\/130\/revisions"}],"predecessor-version":[{"id":393,"href":"https:\/\/cfpdr.org\/index.php\/wp-json\/wp\/v2\/pages\/130\/revisions\/393"}],"wp:attachment":[{"href":"https:\/\/cfpdr.org\/index.php\/wp-json\/wp\/v2\/media?parent=130"}],"curies":[{"name":"wp","href":"https:\/\/api.w.org\/{rel}","templated":true}]}}